{"id":1961,"date":"2024-08-04T17:28:20","date_gmt":"2024-08-04T17:28:20","guid":{"rendered":"https:\/\/neu.chemnitzer-hof.de\/?page_id=1961"},"modified":"2024-08-04T17:28:20","modified_gmt":"2024-08-04T17:28:20","slug":"impressum","status":"publish","type":"page","link":"https:\/\/www.chemnitzer-hof.de\/en\/impressum\/","title":{"rendered":"Imprint"},"content":{"rendered":"<p><strong>Verantwortliche:<\/strong><\/p>\n\n\n\n<p><strong>Betreibergesellschaft: Hotel Chemnitzer Hof Verwaltungsgesellschaft mbH &amp; Co. KG<\/strong><br>Firmensitz:&nbsp;Chemnitz, Registergericht: Amtsgericht Chemnitz HRA 5803<\/p>\n\n\n\n<p>Theaterplatz 4<\/p>\n\n\n\n<p>09111 Chemnitz<\/p>\n\n\n\n<p>Tel.: +49 (0) 371-684-0<br>Fax.: +49 (0) 371-6762587<br>E-Mail: info@chemnitzer-hof.de<\/p>\n\n\n\n<p><strong>Pers\u00f6nlich haftende Gesellschaft:&nbsp;<\/strong><\/p>\n\n\n\n<p>IVG Imobilien- Verwaltungsgesellschaft&nbsp; Chemnitz GmbH<br>Registergericht: Amtsgericht Chemnitz HRB 23015<\/p>\n\n\n\n<p>Gesch\u00e4ftsf\u00fchrer: Prof. E.h. Dr.-Ing. E.h. Hans J. Naumann<\/p>\n\n\n\n<p>Ust-ID gem\u00e4\u00df \u00a7 27 a Umsatzsteuergesetz: DE251542213&nbsp;<\/p>\n\n\n\n<p>Zust\u00e4ndige Aufsichtsbeh\u00f6rde: Ordnungs\u00e4mter an den jeweiligen Standorten der Betriebe<br>Verantwortlicher nach \u00a755 Abs. 2 RStV (redaktionelle Inhalte):<br>Prof. E.h. Dr.-Ing. E.h. Hans J. Naumann, Hotel Chemnitzer Hof Verwaltungsgesellschaft mbH &amp; Co. KG \u2013 Theaterplatz 4, 09111 Chemnitz<\/p>\n\n\n\n<p>Technischer Support: HEFCOM IT GmbH, Bad Hersfeld<\/p>\n\n\n\n<p>Pflichtinformation nach der Verordnung (EU) Nr. 524\/2013 des Europ\u00e4ischen Parlaments&nbsp;und Rats:<br>Link zur Homepage der Stelle f\u00fcr die Online-Beilegung verbraucherrechtlicher Streitigkeiten&nbsp;der Europ\u00e4ischen Kommission:&nbsp;<a href=\"http:\/\/ec.europa.eu\/consumers\/odr\/\" target=\"_blank\" rel=\"noopener\">http:\/\/ec.europa.eu\/consumers\/odr\/&nbsp;<\/a>\u2013 weiterf\u00fchrende&nbsp;Informationen stehen Ihnen dort voraussichtlich ab dem 15.02.2016 zur Verf\u00fcgung. F\u00fcr erste&nbsp;Fragen zu einer m\u00f6glichen Streitschlichtung stehen wir Ihnen unter info@chemnitzer-hof.de zur Verf\u00fcgung.<br>\u00a9 Spirit Legal LLP 2016 (www.spiritlegal.com\/de\/)<\/p>\n\n\n\n<p>Pflichtinformation nach der Verordnung (EU) Nr. 524\/2013 des Europ\u00e4ischen Parlaments&nbsp;und Rats:<\/p>\n\n\n\n<p>Link zur Homepage der Stelle f\u00fcr die Online-Beilegung verbraucherrechtlicher Streitigkeiten&nbsp;der Europ\u00e4ischen Kommission:&nbsp;<a href=\"http:\/\/ec.europa.eu\/consumers\/odr\/\" target=\"_blank\" rel=\"noopener\">http:\/\/ec.europa.eu\/consumers\/odr\/&nbsp;<\/a>\u2013 weiterf\u00fchrende&nbsp;Informationen stehen Ihnen dort voraussichtlich ab dem 15.02.2016 zur Verf\u00fcgung. F\u00fcr erste&nbsp;Fragen zu einer m\u00f6glichen Streitschlichtung stehen wir Ihnen unter info@chemnitzer-hof.de&nbsp;zur Verf\u00fcgung.<br>\u00a9 Spirit Legal LLP 2016 (www.spiritlegal.com\/de\/)<\/p>","protected":false},"excerpt":{"rendered":"<p>Verantwortliche: Betreibergesellschaft: Hotel Chemnitzer Hof Verwaltungsgesellschaft mbH &amp; Co. KGFirmensitz:&nbsp;Chemnitz, Registergericht: Amtsgericht Chemnitz HRA 5803 Theaterplatz 4 09111 Chemnitz Tel.: +49 (0) 371-684-0Fax.: +49 (0) 371-6762587E-Mail: info@chemnitzer-hof.de Pers\u00f6nlich haftende Gesellschaft:&nbsp; IVG Imobilien- Verwaltungsgesellschaft&nbsp; Chemnitz GmbHRegistergericht: Amtsgericht Chemnitz HRB 23015 Gesch\u00e4ftsf\u00fchrer: Prof. E.h. Dr.-Ing. E.h. Hans J. Naumann Ust-ID gem\u00e4\u00df \u00a7 27 a Umsatzsteuergesetz: DE251542213&nbsp; Zust\u00e4ndige [&hellip;]<\/p>\n","protected":false},"author":1,"featured_media":0,"parent":0,"menu_order":0,"comment_status":"closed","ping_status":"closed","template":"","meta":{"site-sidebar-layout":"default","site-content-layout":"","ast-site-content-layout":"default","site-content-style":"default","site-sidebar-style":"default","ast-global-header-display":"","ast-banner-title-visibility":"","ast-main-header-display":"","ast-hfb-above-header-display":"","ast-hfb-below-header-display":"","ast-hfb-mobile-header-display":"","site-post-title":"","ast-breadcrumbs-content":"","ast-featured-img":"","footer-sml-layout":"","ast-disable-related-posts":"","theme-transparent-header-meta":"","adv-header-id-meta":"","stick-header-meta":"","header-above-stick-meta":"","header-main-stick-meta":"","header-below-stick-meta":"","astra-migrate-meta-layouts":"set","ast-page-background-enabled":"default","ast-page-background-meta":{"desktop":{"background-color":"","background-image":"","background-repeat":"repeat","background-position":"center center","background-size":"auto","background-attachment":"scroll","background-type":"","background-media":"","overlay-type":"","overlay-color":"","overlay-opacity":"","overlay-gradient":""},"tablet":{"background-color":"","background-image":"","background-repeat":"repeat","background-position":"center center","background-size":"auto","background-attachment":"scroll","background-type":"","background-media":"","overlay-type":"","overlay-color":"","overlay-opacity":"","overlay-gradient":""},"mobile":{"background-color":"","background-image":"","background-repeat":"repeat","background-position":"center center","background-size":"auto","background-attachment":"scroll","background-type":"","background-media":"","overlay-type":"","overlay-color":"","overlay-opacity":"","overlay-gradient":""}},"ast-content-background-meta":{"desktop":{"background-color":"var(--ast-global-color-5)","background-image":"","background-repeat":"repeat","background-position":"center center","background-size":"auto","background-attachment":"scroll","background-type":"","background-media":"","overlay-type":"","overlay-color":"","overlay-opacity":"","overlay-gradient":""},"tablet":{"background-color":"var(--ast-global-color-5)","background-image":"","background-repeat":"repeat","background-position":"center center","background-size":"auto","background-attachment":"scroll","background-type":"","background-media":"","overlay-type":"","overlay-color":"","overlay-opacity":"","overlay-gradient":""},"mobile":{"background-color":"var(--ast-global-color-5)","background-image":"","background-repeat":"repeat","background-position":"center center","background-size":"auto","background-attachment":"scroll","background-type":"","background-media":"","overlay-type":"","overlay-color":"","overlay-opacity":"","overlay-gradient":""}},"footnotes":""},"class_list":["post-1961","page","type-page","status-publish","hentry"],"_links":{"self":[{"href":"https:\/\/www.chemnitzer-hof.de\/en\/wp-json\/wp\/v2\/pages\/1961","targetHints":{"allow":["GET"]}}],"collection":[{"href":"https:\/\/www.chemnitzer-hof.de\/en\/wp-json\/wp\/v2\/pages"}],"about":[{"href":"https:\/\/www.chemnitzer-hof.de\/en\/wp-json\/wp\/v2\/types\/page"}],"author":[{"embeddable":true,"href":"https:\/\/www.chemnitzer-hof.de\/en\/wp-json\/wp\/v2\/users\/1"}],"replies":[{"embeddable":true,"href":"https:\/\/www.chemnitzer-hof.de\/en\/wp-json\/wp\/v2\/comments?post=1961"}],"version-history":[{"count":1,"href":"https:\/\/www.chemnitzer-hof.de\/en\/wp-json\/wp\/v2\/pages\/1961\/revisions"}],"predecessor-version":[{"id":1962,"href":"https:\/\/www.chemnitzer-hof.de\/en\/wp-json\/wp\/v2\/pages\/1961\/revisions\/1962"}],"wp:attachment":[{"href":"https:\/\/www.chemnitzer-hof.de\/en\/wp-json\/wp\/v2\/media?parent=1961"}],"curies":[{"name":"wp","href":"https:\/\/api.w.org\/{rel}","templated":true}]}}