{"id":1523,"date":"2024-06-28T21:46:37","date_gmt":"2024-06-28T21:46:37","guid":{"rendered":"https:\/\/neu.chemnitzer-hof.de\/?page_id=1523"},"modified":"2025-12-28T17:51:03","modified_gmt":"2025-12-28T17:51:03","slug":"specials","status":"publish","type":"page","link":"https:\/\/www.chemnitzer-hof.de\/en\/specials\/","title":{"rendered":"Specials"},"content":{"rendered":"<div data-elementor-type=\"wp-page\" data-elementor-id=\"1523\" class=\"elementor elementor-1523\" data-elementor-post-type=\"page\">\n\t\t\t\t<div class=\"elementor-element elementor-element-8e318e3 e-flex e-con-boxed e-con e-parent\" data-id=\"8e318e3\" data-element_type=\"container\" data-e-type=\"container\" data-settings=\"{&quot;background_background&quot;:&quot;classic&quot;}\">\n\t\t\t\t\t<div class=\"e-con-inner\">\n\t\t\t\t<div class=\"elementor-element elementor-element-4aace0f elementor-widget elementor-widget-heading\" data-id=\"4aace0f\" data-element_type=\"widget\" data-e-type=\"widget\" data-widget_type=\"heading.default\">\n\t\t\t\t<div class=\"elementor-widget-container\">\n\t\t\t\t\t<h2 class=\"elementor-heading-title elementor-size-default\">Overnight specials<\/h2>\t\t\t\t<\/div>\n\t\t\t\t<\/div>\n\t\t\t\t<div class=\"elementor-element elementor-element-064eaf4 elementor-widget elementor-widget-text-editor\" data-id=\"064eaf4\" data-element_type=\"widget\" data-e-type=\"widget\" data-widget_type=\"text-editor.default\">\n\t\t\t\t<div class=\"elementor-widget-container\">\n\t\t\t\t\t\t\t\t\t<p>Enjoy a little break from everyday life and benefit from our attractive offers.<\/p>\t\t\t\t\t\t\t\t<\/div>\n\t\t\t\t<\/div>\n\t\t\t\t\t<\/div>\n\t\t\t\t<\/div>\n\t\t<div class=\"elementor-element elementor-element-eaefcae e-flex e-con-boxed e-con e-parent\" data-id=\"eaefcae\" data-element_type=\"container\" data-e-type=\"container\">\n\t\t\t\t\t<div class=\"e-con-inner\">\n\t\t\t\t<div class=\"elementor-element elementor-element-9a6b7a5 elementor-widget elementor-widget-heading\" data-id=\"9a6b7a5\" data-element_type=\"widget\" data-e-type=\"widget\" data-widget_type=\"heading.default\">\n\t\t\t\t<div class=\"elementor-widget-container\">\n\t\t\t\t\t<h2 class=\"elementor-heading-title elementor-size-default\">Cuddle weekend<\/h2>\t\t\t\t<\/div>\n\t\t\t\t<\/div>\n\t\t\t\t<div class=\"elementor-element elementor-element-31e5108 elementor-widget elementor-widget-text-editor\" data-id=\"31e5108\" data-element_type=\"widget\" data-e-type=\"widget\" data-widget_type=\"text-editor.default\">\n\t\t\t\t<div class=\"elementor-widget-container\">\n\t\t\t\t\t\t\t\t\t<p>Take a break from everyday life and simply enjoy some time together...<br>You and your loved one can look forward to a romantic candlelit dinner on the day of arrival, our balanced breakfast buffet and 1 bottle of sparkling wine in your hotel room on arrival. You will stay in one of our recently renovated hotel rooms and also receive 1 bottle of mineral water in your hotel room and 2 capsules for your coffee capsule machine per person.<\/p>\n<p>Explore the city of Chemnitz and use our hotel combi-ticket, which allows you to use all public transport in the Chemnitz city area free of charge. Or if you prefer something more sporty, you can hire 2 bicycles subject to availability.<\/p>\n<p>Services at a glance:<br>\u2022 1-3 overnight stays<br>\u2022 1 x candlelight dinner on the day of arrival<br>- balanced breakfast buffet<br>- 1 bottle of sparkling wine in your hotel room on arrival<br>- 1 bottle of mineral water free of charge on arrival<br>- Capsule coffee machine with 2 capsules per person free of charge<br>- WLAN free of charge<br>- Use of public transport in the city of Chemnitz<br>- 2 free hire bikes (subject to availability)<\/p>\n<p>Arrival possible on the following days: Thursday, Friday, Saturday<\/p>\n<p>Total price per hotel room for 2 persons:<br>for 1 overnight stay:<br>Doppelzimmer Standard 200,00 EUR<br>Doppelzimmer Deluxe 215,00 EUR<br>Doppelzimmer Premium 230,00 EUR<\/p>\n<p>for 2 nights:<br>Doppelzimmer Standard 269,00 EUR<br>Doppelzimmer Deluxe 289,00 EUR<br>Doppelzimmer Premium 305,00 EUR<\/p>\n<p>for 3 nights:<br>Doppelzimmer Standard 369,00 EUR<br>Doppelzimmer Deluxe 380,00 EUR<br>Doppelzimmer Premium 409,00 EUR<\/p>\t\t\t\t\t\t\t\t<\/div>\n\t\t\t\t<\/div>\n\t\t\t\t\t<\/div>\n\t\t\t\t<\/div>\n\t\t\t\t<\/div>","protected":false},"excerpt":{"rendered":"<p>\u00dcbernachtungsspecials Genie\u00dfen Sie eine kleine Auszeit vom Alltag und profitieren Sie von unseren attraktiven Angeboten. Kuschelwochenende Vom Alltag erholen und einfach mal Zeit zu zweit genie\u00dfen\u2026Es erwartet Sie und Ihre(n) Liebste(n) ein romantisches Candle-Light-Dinner am Anreisetag, unser ausgewogenes Fr\u00fchst\u00fcck vom Buffet und 1 Flasche Sekt bei Anreise auf dem Hotelzimmer. Sie \u00fcbernachten in einem unserer [&hellip;]<\/p>\n","protected":false},"author":1,"featured_media":0,"parent":0,"menu_order":0,"comment_status":"closed","ping_status":"closed","template":"","meta":{"site-sidebar-layout":"no-sidebar","site-content-layout":"page-builder","ast-site-content-layout":"full-width-container","site-content-style":"default","site-sidebar-style":"default","ast-global-header-display":"","ast-banner-title-visibility":"","ast-main-header-display":"","ast-hfb-above-header-display":"","ast-hfb-below-header-display":"","ast-hfb-mobile-header-display":"","site-post-title":"disabled","ast-breadcrumbs-content":"","ast-featured-img":"disabled","footer-sml-layout":"","ast-disable-related-posts":"","theme-transparent-header-meta":"","adv-header-id-meta":"","stick-header-meta":"","header-above-stick-meta":"","header-main-stick-meta":"","header-below-stick-meta":"","astra-migrate-meta-layouts":"set","ast-page-background-enabled":"default","ast-page-background-meta":{"desktop":{"background-color":"","background-image":"","background-repeat":"repeat","background-position":"center center","background-size":"auto","background-attachment":"scroll","background-type":"","background-media":"","overlay-type":"","overlay-color":"","overlay-opacity":"","overlay-gradient":""},"tablet":{"background-color":"","background-image":"","background-repeat":"repeat","background-position":"center center","background-size":"auto","background-attachment":"scroll","background-type":"","background-media":"","overlay-type":"","overlay-color":"","overlay-opacity":"","overlay-gradient":""},"mobile":{"background-color":"","background-image":"","background-repeat":"repeat","background-position":"center center","background-size":"auto","background-attachment":"scroll","background-type":"","background-media":"","overlay-type":"","overlay-color":"","overlay-opacity":"","overlay-gradient":""}},"ast-content-background-meta":{"desktop":{"background-color":"var(--ast-global-color-5)","background-image":"","background-repeat":"repeat","background-position":"center center","background-size":"auto","background-attachment":"scroll","background-type":"","background-media":"","overlay-type":"","overlay-color":"","overlay-opacity":"","overlay-gradient":""},"tablet":{"background-color":"var(--ast-global-color-5)","background-image":"","background-repeat":"repeat","background-position":"center center","background-size":"auto","background-attachment":"scroll","background-type":"","background-media":"","overlay-type":"","overlay-color":"","overlay-opacity":"","overlay-gradient":""},"mobile":{"background-color":"var(--ast-global-color-5)","background-image":"","background-repeat":"repeat","background-position":"center center","background-size":"auto","background-attachment":"scroll","background-type":"","background-media":"","overlay-type":"","overlay-color":"","overlay-opacity":"","overlay-gradient":""}},"footnotes":""},"class_list":["post-1523","page","type-page","status-publish","hentry"],"_links":{"self":[{"href":"https:\/\/www.chemnitzer-hof.de\/en\/wp-json\/wp\/v2\/pages\/1523","targetHints":{"allow":["GET"]}}],"collection":[{"href":"https:\/\/www.chemnitzer-hof.de\/en\/wp-json\/wp\/v2\/pages"}],"about":[{"href":"https:\/\/www.chemnitzer-hof.de\/en\/wp-json\/wp\/v2\/types\/page"}],"author":[{"embeddable":true,"href":"https:\/\/www.chemnitzer-hof.de\/en\/wp-json\/wp\/v2\/users\/1"}],"replies":[{"embeddable":true,"href":"https:\/\/www.chemnitzer-hof.de\/en\/wp-json\/wp\/v2\/comments?post=1523"}],"version-history":[{"count":13,"href":"https:\/\/www.chemnitzer-hof.de\/en\/wp-json\/wp\/v2\/pages\/1523\/revisions"}],"predecessor-version":[{"id":2494,"href":"https:\/\/www.chemnitzer-hof.de\/en\/wp-json\/wp\/v2\/pages\/1523\/revisions\/2494"}],"wp:attachment":[{"href":"https:\/\/www.chemnitzer-hof.de\/en\/wp-json\/wp\/v2\/media?parent=1523"}],"curies":[{"name":"wp","href":"https:\/\/api.w.org\/{rel}","templated":true}]}}