{"id":1463,"date":"2024-06-28T20:56:20","date_gmt":"2024-06-28T20:56:20","guid":{"rendered":"https:\/\/neu.chemnitzer-hof.de\/?page_id=1463"},"modified":"2026-04-16T10:42:45","modified_gmt":"2026-04-16T10:42:45","slug":"sauna-fitness","status":"publish","type":"page","link":"https:\/\/www.chemnitzer-hof.de\/de\/sauna-fitness\/","title":{"rendered":"Sauna &amp; Fitness"},"content":{"rendered":"\t\t<div data-elementor-type=\"wp-page\" data-elementor-id=\"1463\" class=\"elementor elementor-1463\" data-elementor-post-type=\"page\">\n\t\t\t\t<div class=\"elementor-element elementor-element-0e14e41 e-flex e-con-boxed e-con e-parent\" data-id=\"0e14e41\" data-element_type=\"container\" data-e-type=\"container\" data-settings=\"{&quot;background_background&quot;:&quot;classic&quot;}\">\n\t\t\t\t\t<div class=\"e-con-inner\">\n\t\t\t\t<div class=\"elementor-element elementor-element-dcc650c elementor-arrows-position-inside elementor-widget elementor-widget-image-carousel\" data-id=\"dcc650c\" data-element_type=\"widget\" data-e-type=\"widget\" data-settings=\"{&quot;slides_to_show&quot;:&quot;3&quot;,&quot;navigation&quot;:&quot;arrows&quot;,&quot;autoplay_speed&quot;:2500,&quot;autoplay&quot;:&quot;yes&quot;,&quot;pause_on_hover&quot;:&quot;yes&quot;,&quot;pause_on_interaction&quot;:&quot;yes&quot;,&quot;infinite&quot;:&quot;yes&quot;,&quot;speed&quot;:500}\" data-widget_type=\"image-carousel.default\">\n\t\t\t\t<div class=\"elementor-widget-container\">\n\t\t\t\t\t\t\t<div class=\"elementor-image-carousel-wrapper swiper\" role=\"region\" aria-roledescription=\"carousel\" aria-label=\"Image Carousel\" dir=\"ltr\">\n\t\t\t<div class=\"elementor-image-carousel swiper-wrapper swiper-image-stretch\" aria-live=\"off\">\n\t\t\t\t\t\t\t\t<div class=\"swiper-slide\" role=\"group\" aria-roledescription=\"slide\" aria-label=\"1 von 5\"><figure class=\"swiper-slide-inner\"><img decoding=\"async\" class=\"swiper-slide-image\" src=\"https:\/\/www.chemnitzer-hof.de\/wp-content\/uploads\/2024\/06\/Fitnessbereich_2-scaled-1-300x225.jpg\" alt=\"Fitnessbereich_2-scaled\" \/><\/figure><\/div><div class=\"swiper-slide\" role=\"group\" aria-roledescription=\"slide\" aria-label=\"2 von 5\"><figure class=\"swiper-slide-inner\"><img decoding=\"async\" class=\"swiper-slide-image\" src=\"https:\/\/www.chemnitzer-hof.de\/wp-content\/uploads\/2024\/06\/Fitnessbereich-scaled-1-300x169.jpg\" alt=\"Fitnessbereich-scaled\" \/><\/figure><\/div><div class=\"swiper-slide\" role=\"group\" aria-roledescription=\"slide\" aria-label=\"3 von 5\"><figure class=\"swiper-slide-inner\"><img decoding=\"async\" class=\"swiper-slide-image\" src=\"https:\/\/www.chemnitzer-hof.de\/wp-content\/uploads\/2024\/06\/Ruheraum-scaled-1-300x225.jpg\" alt=\"Ruheraum-scaled\" \/><\/figure><\/div><div class=\"swiper-slide\" role=\"group\" aria-roledescription=\"slide\" aria-label=\"4 von 5\"><figure class=\"swiper-slide-inner\"><img decoding=\"async\" class=\"swiper-slide-image\" src=\"https:\/\/www.chemnitzer-hof.de\/wp-content\/uploads\/2024\/06\/Sauna-und-Infratotkabine-scaled-1-300x161.jpg\" alt=\"Sauna-und-Infratotkabine-scaled\" \/><\/figure><\/div><div class=\"swiper-slide\" role=\"group\" aria-roledescription=\"slide\" aria-label=\"5 von 5\"><figure class=\"swiper-slide-inner\"><img decoding=\"async\" class=\"swiper-slide-image\" src=\"https:\/\/www.chemnitzer-hof.de\/wp-content\/uploads\/2024\/07\/Sauna-225x300.webp\" alt=\"Sauna\" \/><\/figure><\/div>\t\t\t<\/div>\n\t\t\t\t\t\t\t\t\t\t\t\t<div class=\"elementor-swiper-button elementor-swiper-button-prev\" role=\"button\" tabindex=\"0\">\n\t\t\t\t\t\t<i aria-hidden=\"true\" class=\"eicon-chevron-left\"><\/i>\t\t\t\t\t<\/div>\n\t\t\t\t\t<div class=\"elementor-swiper-button elementor-swiper-button-next\" role=\"button\" tabindex=\"0\">\n\t\t\t\t\t\t<i aria-hidden=\"true\" class=\"eicon-chevron-right\"><\/i>\t\t\t\t\t<\/div>\n\t\t\t\t\n\t\t\t\t\t\t\t\t\t<\/div>\n\t\t\t\t\t\t<\/div>\n\t\t\t\t<\/div>\n\t\t\t\t<div class=\"elementor-element elementor-element-ba458fb elementor-widget elementor-widget-heading\" data-id=\"ba458fb\" data-element_type=\"widget\" data-e-type=\"widget\" data-widget_type=\"heading.default\">\n\t\t\t\t<div class=\"elementor-widget-container\">\n\t\t\t\t\t<h2 class=\"elementor-heading-title elementor-size-default\">Sauna und Fitness - Ihre Auszeit vom Alltag<\/h2>\t\t\t\t<\/div>\n\t\t\t\t<\/div>\n\t\t\t\t<div class=\"elementor-element elementor-element-c5203ee elementor-widget elementor-widget-text-editor\" data-id=\"c5203ee\" data-element_type=\"widget\" data-e-type=\"widget\" data-widget_type=\"text-editor.default\">\n\t\t\t\t<div class=\"elementor-widget-container\">\n\t\t\t\t\t\t\t\t\t<p>Sie k\u00f6nnen bei einer Runde auf dem Laufband den Alltag hinter sich lassen? Dann freuen wir uns, Sie in unserem neu renovierten Fitnessbereich begr\u00fc\u00dfen zu d\u00fcrfen! Hier erwarten Sie Profi-Fitnessger\u00e4te der Firma Technogym (Laufband, Bike, Crosstrainer und Multi-Krafttraining). F\u00fcr Naturliebhaber bietet Ihnen das Hotel Chemnitzer Hof zudem eine optimale Lage f\u00fcr einen Walk oder Jogging im Areal des Schlossteiches Chemnitz. Weiterhin k\u00f6nnen alle Hotelg\u00e4ste eine begrenzte Anzahl von Leihfahrr\u00e4dern kostenfrei \u00fcber die Rezeption erhalten.<\/p><p>Entspannung hingegen finden Sie in unserem ebenfalls komplett modernisierten Saunabereich. Neben einer klassischen finnischen Sauna erwartet Sie eine Infrarotkabine. Genie\u00dfen Sie nach dem Saunieren den einzigartigen Blick auf die Petrikirche in unserem Ruhebereich und lassen Sie den Tag entspannt ausklingen.<\/p><p>F\u00fcr die Hotelg\u00e4ste der Premium-Etage ist die Nutzung des Sauna- und Fitnessbereiches kostenfrei.<\/p>\t\t\t\t\t\t\t\t<\/div>\n\t\t\t\t<\/div>\n\t\t\t\t\t<\/div>\n\t\t\t\t<\/div>\n\t\t\t\t<\/div>\n\t\t","protected":false},"excerpt":{"rendered":"<p>Sauna und Fitness &#8211; Ihre Auszeit vom Alltag Sie k\u00f6nnen bei einer Runde auf dem Laufband den Alltag hinter sich lassen? Dann freuen wir uns, Sie in unserem neu renovierten Fitnessbereich begr\u00fc\u00dfen zu d\u00fcrfen! Hier erwarten Sie Profi-Fitnessger\u00e4te der Firma Technogym (Laufband, Bike, Crosstrainer und Multi-Krafttraining). F\u00fcr Naturliebhaber bietet Ihnen das Hotel Chemnitzer Hof zudem [&hellip;]<\/p>\n","protected":false},"author":1,"featured_media":0,"parent":0,"menu_order":0,"comment_status":"closed","ping_status":"closed","template":"","meta":{"site-sidebar-layout":"no-sidebar","site-content-layout":"page-builder","ast-site-content-layout":"full-width-container","site-content-style":"default","site-sidebar-style":"default","ast-global-header-display":"","ast-banner-title-visibility":"","ast-main-header-display":"","ast-hfb-above-header-display":"","ast-hfb-below-header-display":"","ast-hfb-mobile-header-display":"","site-post-title":"disabled","ast-breadcrumbs-content":"","ast-featured-img":"disabled","footer-sml-layout":"","ast-disable-related-posts":"","theme-transparent-header-meta":"","adv-header-id-meta":"","stick-header-meta":"","header-above-stick-meta":"","header-main-stick-meta":"","header-below-stick-meta":"","astra-migrate-meta-layouts":"set","ast-page-background-enabled":"default","ast-page-background-meta":{"desktop":{"background-color":"","background-image":"","background-repeat":"repeat","background-position":"center center","background-size":"auto","background-attachment":"scroll","background-type":"","background-media":"","overlay-type":"","overlay-color":"","overlay-opacity":"","overlay-gradient":""},"tablet":{"background-color":"","background-image":"","background-repeat":"repeat","background-position":"center center","background-size":"auto","background-attachment":"scroll","background-type":"","background-media":"","overlay-type":"","overlay-color":"","overlay-opacity":"","overlay-gradient":""},"mobile":{"background-color":"","background-image":"","background-repeat":"repeat","background-position":"center center","background-size":"auto","background-attachment":"scroll","background-type":"","background-media":"","overlay-type":"","overlay-color":"","overlay-opacity":"","overlay-gradient":""}},"ast-content-background-meta":{"desktop":{"background-color":"var(--ast-global-color-5)","background-image":"","background-repeat":"repeat","background-position":"center center","background-size":"auto","background-attachment":"scroll","background-type":"","background-media":"","overlay-type":"","overlay-color":"","overlay-opacity":"","overlay-gradient":""},"tablet":{"background-color":"var(--ast-global-color-5)","background-image":"","background-repeat":"repeat","background-position":"center center","background-size":"auto","background-attachment":"scroll","background-type":"","background-media":"","overlay-type":"","overlay-color":"","overlay-opacity":"","overlay-gradient":""},"mobile":{"background-color":"var(--ast-global-color-5)","background-image":"","background-repeat":"repeat","background-position":"center center","background-size":"auto","background-attachment":"scroll","background-type":"","background-media":"","overlay-type":"","overlay-color":"","overlay-opacity":"","overlay-gradient":""}},"footnotes":""},"class_list":["post-1463","page","type-page","status-publish","hentry"],"_links":{"self":[{"href":"https:\/\/www.chemnitzer-hof.de\/de\/wp-json\/wp\/v2\/pages\/1463","targetHints":{"allow":["GET"]}}],"collection":[{"href":"https:\/\/www.chemnitzer-hof.de\/de\/wp-json\/wp\/v2\/pages"}],"about":[{"href":"https:\/\/www.chemnitzer-hof.de\/de\/wp-json\/wp\/v2\/types\/page"}],"author":[{"embeddable":true,"href":"https:\/\/www.chemnitzer-hof.de\/de\/wp-json\/wp\/v2\/users\/1"}],"replies":[{"embeddable":true,"href":"https:\/\/www.chemnitzer-hof.de\/de\/wp-json\/wp\/v2\/comments?post=1463"}],"version-history":[{"count":41,"href":"https:\/\/www.chemnitzer-hof.de\/de\/wp-json\/wp\/v2\/pages\/1463\/revisions"}],"predecessor-version":[{"id":2608,"href":"https:\/\/www.chemnitzer-hof.de\/de\/wp-json\/wp\/v2\/pages\/1463\/revisions\/2608"}],"wp:attachment":[{"href":"https:\/\/www.chemnitzer-hof.de\/de\/wp-json\/wp\/v2\/media?parent=1463"}],"curies":[{"name":"wp","href":"https:\/\/api.w.org\/{rel}","templated":true}]}}